{"id":3402,"date":"2025-02-26T12:23:31","date_gmt":"2025-02-26T12:23:31","guid":{"rendered":"https:\/\/cuentosdelaturbina.com\/?page_id=3402"},"modified":"2025-12-02T23:24:26","modified_gmt":"2025-12-02T23:24:26","slug":"pagina-principal-home-page","status":"publish","type":"page","link":"https:\/\/cuentosdelaturbina.com\/en\/pagina-principal-home-page\/","title":{"rendered":"PAGINA DE Cuentos de la Turbina"},"content":{"rendered":"\t\t<div data-elementor-type=\"wp-page\" data-elementor-id=\"3402\" class=\"elementor elementor-3402\" data-elementor-post-type=\"page\">\n\t\t\t\t<div class=\"elementor-element elementor-element-1a2d089 e-con-full e-flex e-con e-parent\" data-id=\"1a2d089\" data-element_type=\"container\" data-e-type=\"container\">\n\t\t\t\t<div class=\"elementor-element elementor-element-eaf411e elementor-widget elementor-widget-video\" data-id=\"eaf411e\" data-element_type=\"widget\" data-e-type=\"widget\" data-settings=\"{&quot;video_type&quot;:&quot;hosted&quot;,&quot;autoplay&quot;:&quot;yes&quot;,&quot;play_on_mobile&quot;:&quot;yes&quot;,&quot;loop&quot;:&quot;yes&quot;}\" data-widget_type=\"video.default\">\n\t\t\t\t<div class=\"elementor-widget-container\">\n\t\t\t\t\t\t\t<div class=\"e-hosted-video elementor-wrapper elementor-open-inline\">\n\t\t\t\t\t<video class=\"elementor-video\" src=\"https:\/\/videos.files.wordpress.com\/Dwunzlab\/video-portada.mp4\" autoplay=\"\" loop=\"\" playsinline=\"\" controlsList=\"nodownload\"><\/video>\n\t\t\t\t<\/div>\n\t\t\t\t\t\t<\/div>\n\t\t\t\t<\/div>\n\t\t\t\t<\/div>\n\t\t<div class=\"elementor-element elementor-element-5919ad3 e-flex e-con-boxed e-con e-parent\" data-id=\"5919ad3\" data-element_type=\"container\" data-e-type=\"container\">\n\t\t\t\t\t<div class=\"e-con-inner\">\n\t\t\t\t<div class=\"elementor-element elementor-element-1c60ac2 elementor-widget elementor-widget-heading\" data-id=\"1c60ac2\" data-element_type=\"widget\" data-e-type=\"widget\" data-widget_type=\"heading.default\">\n\t\t\t\t<div class=\"elementor-widget-container\">\n\t\t\t\t\t<h2 class=\"elementor-heading-title elementor-size-default\"><b>Los Cuentos de la Turbina: Intoducci\u00f3n<\/b><\/h2>\t\t\t\t<\/div>\n\t\t\t\t<\/div>\n\t\t\t\t\t<\/div>\n\t\t\t\t<\/div>\n\t\t<div class=\"elementor-element elementor-element-84b7d2d e-flex e-con-boxed e-con e-parent\" data-id=\"84b7d2d\" data-element_type=\"container\" data-e-type=\"container\">\n\t\t\t\t\t<div class=\"e-con-inner\">\n\t\t\t\t<div class=\"elementor-element elementor-element-6b2061a elementor-widget elementor-widget-text-editor\" data-id=\"6b2061a\" data-element_type=\"widget\" data-e-type=\"widget\" data-widget_type=\"text-editor.default\">\n\t\t\t\t<div class=\"elementor-widget-container\">\n\t\t\t\t\t\t\t\t\t<h3 style=\"text-align: left;\">Estos cuentos te sumergen en una realidad dist\u00f3pica, ambientada en los parajes hist\u00f3ricos de Costamar, una ciudad ficticia enclavada en el coraz\u00f3n de una isla caribe\u00f1a imaginaria. El n\u00facleo de las historias se encuentra en una peculiar vecindad que se desarroll\u00f3 alrededor de un lago, conocido como La Turbina, nombre otorgado por sus propios habitantes en honor a una vieja maquinaria que una vez intent\u00f3, sin \u00e9xito, drenar el agua que inund\u00f3 masivamente la mina de balastro que all\u00ed se encontraba.\u00a0<\/h3><h3 style=\"text-align: left;\"><strong>Los Cuentos de la Turbina<\/strong> nacen de una fusi\u00f3n entre realidad e imaginaci\u00f3n. Muchas de las historias encuentran su ra\u00edz en hechos reales que sirvieron como fuente de inspiraci\u00f3n para el autor, aunque estos eventos han sido deliberadamente transformados mediante elementos irreales que retuercen la l\u00ednea entre lo posible y lo fant\u00e1stico. Los personajes, aunque ficticios, est\u00e1n moldeados con una precisi\u00f3n casi teatral, inspirados en las caracter\u00edsticas humanas de quienes habitaron aquel entorno real.<\/h3>\t\t\t\t\t\t\t\t<\/div>\n\t\t\t\t<\/div>\n\t\t\t\t\t<\/div>\n\t\t\t\t<\/div>\n\t\t<div class=\"elementor-element elementor-element-cfd50af e-con-full e-flex e-con e-parent\" data-id=\"cfd50af\" data-element_type=\"container\" data-e-type=\"container\">\n\t\t<div class=\"elementor-element elementor-element-32f31bd e-con-full e-flex e-con e-child\" data-id=\"32f31bd\" data-element_type=\"container\" data-e-type=\"container\">\n\t\t\t\t<div class=\"elementor-element elementor-element-5a3cf9b elementor-widget elementor-widget-image\" data-id=\"5a3cf9b\" data-element_type=\"widget\" data-e-type=\"widget\" data-widget_type=\"image.default\">\n\t\t\t\t<div class=\"elementor-widget-container\">\n\t\t\t\t\t\t\t\t\t\t\t\t\t\t\t<img fetchpriority=\"high\" decoding=\"async\" width=\"800\" height=\"800\" src=\"https:\/\/cuentosdelaturbina.com\/wp-content\/uploads\/2025\/02\/La-turbina-misma-AI.jpg\" class=\"attachment-large size-large wp-image-2445\" alt=\"\" srcset=\"https:\/\/cuentosdelaturbina.com\/wp-content\/uploads\/2025\/02\/La-turbina-misma-AI.jpg 1024w, https:\/\/cuentosdelaturbina.com\/wp-content\/uploads\/2025\/02\/La-turbina-misma-AI-300x300.jpg 300w, https:\/\/cuentosdelaturbina.com\/wp-content\/uploads\/2025\/02\/La-turbina-misma-AI-150x150.jpg 150w, https:\/\/cuentosdelaturbina.com\/wp-content\/uploads\/2025\/02\/La-turbina-misma-AI-768x768.jpg 768w\" sizes=\"(max-width: 800px) 100vw, 800px\" \/>\t\t\t\t\t\t\t\t\t\t\t\t\t\t\t<\/div>\n\t\t\t\t<\/div>\n\t\t\t\t<\/div>\n\t\t<div class=\"elementor-element elementor-element-3c87918 e-con-full e-flex e-con e-child\" data-id=\"3c87918\" data-element_type=\"container\" data-e-type=\"container\">\n\t\t\t\t<div class=\"elementor-element elementor-element-a3a9baa elementor-widget elementor-widget-image\" data-id=\"a3a9baa\" data-element_type=\"widget\" data-e-type=\"widget\" data-widget_type=\"image.default\">\n\t\t\t\t<div class=\"elementor-widget-container\">\n\t\t\t\t\t\t\t\t\t\t\t\t\t\t\t<img decoding=\"async\" width=\"800\" height=\"800\" src=\"https:\/\/cuentosdelaturbina.com\/wp-content\/uploads\/2025\/05\/La-Turbina-1.jpg\" class=\"attachment-large size-large wp-image-5435\" alt=\"\" srcset=\"https:\/\/cuentosdelaturbina.com\/wp-content\/uploads\/2025\/05\/La-Turbina-1.jpg 1024w, https:\/\/cuentosdelaturbina.com\/wp-content\/uploads\/2025\/05\/La-Turbina-1-300x300.jpg 300w, https:\/\/cuentosdelaturbina.com\/wp-content\/uploads\/2025\/05\/La-Turbina-1-150x150.jpg?crop=1 150w, https:\/\/cuentosdelaturbina.com\/wp-content\/uploads\/2025\/05\/La-Turbina-1-768x768.jpg 768w\" sizes=\"(max-width: 800px) 100vw, 800px\" \/>\t\t\t\t\t\t\t\t\t\t\t\t\t\t\t<\/div>\n\t\t\t\t<\/div>\n\t\t\t\t<\/div>\n\t\t\t\t<\/div>\n\t\t<div class=\"elementor-element elementor-element-ead85a1 e-flex e-con-boxed e-con e-parent\" data-id=\"ead85a1\" data-element_type=\"container\" data-e-type=\"container\">\n\t\t\t\t\t<div class=\"e-con-inner\">\n\t\t\t\t<div class=\"elementor-element elementor-element-51e1dc5 elementor-widget elementor-widget-text-editor\" data-id=\"51e1dc5\" data-element_type=\"widget\" data-e-type=\"widget\" data-widget_type=\"text-editor.default\">\n\t\t\t\t<div class=\"elementor-widget-container\">\n\t\t\t\t\t\t\t\t\t<h3>Aunque muchos acontecimientos hist\u00f3ricos se mencionan como parte del contexto cronol\u00f3gico, los cuentos no pretenden ser documentos fieles a la realidad ni obras de consulta hist\u00f3rica. La intenci\u00f3n no es retratar la verdad, sino construir una atm\u00f3sfera que se sienta aut\u00e9ntica en su distorsi\u00f3n. A pesar de que algunas historias se narran en primera persona, los temas no son autobiogr\u00e1ficos. Cada cuento, como un fragmento de una pieza m\u00e1s grande, invita al lector a explorar un mundo donde lo real y lo ficticio se confunden, creando un espejo distorsionado que refleja tanto el pasado como las inquietudes humanas m\u00e1s universales.<\/h3>\t\t\t\t\t\t\t\t<\/div>\n\t\t\t\t<\/div>\n\t\t\t\t\t<\/div>\n\t\t\t\t<\/div>\n\t\t<div class=\"elementor-element elementor-element-a8da9d5 e-flex e-con-boxed e-con e-parent\" data-id=\"a8da9d5\" data-element_type=\"container\" data-e-type=\"container\">\n\t\t\t\t\t<div class=\"e-con-inner\">\n\t\t\t\t<div class=\"elementor-element elementor-element-bb5f22f elementor-widget elementor-widget-image\" data-id=\"bb5f22f\" data-element_type=\"widget\" data-e-type=\"widget\" data-widget_type=\"image.default\">\n\t\t\t\t<div class=\"elementor-widget-container\">\n\t\t\t\t\t\t\t\t\t\t\t\t\t\t\t<img decoding=\"async\" width=\"1792\" height=\"1024\" src=\"https:\/\/cuentosdelaturbina.com\/wp-content\/uploads\/2024\/11\/La-Turbina-con-turbina-1.jpg\" class=\"attachment-full size-full wp-image-1978\" alt=\"\" srcset=\"https:\/\/cuentosdelaturbina.com\/wp-content\/uploads\/2024\/11\/La-Turbina-con-turbina-1.jpg 1792w, https:\/\/cuentosdelaturbina.com\/wp-content\/uploads\/2024\/11\/La-Turbina-con-turbina-1-300x171.jpg 300w, https:\/\/cuentosdelaturbina.com\/wp-content\/uploads\/2024\/11\/La-Turbina-con-turbina-1-1024x585.jpg 1024w, https:\/\/cuentosdelaturbina.com\/wp-content\/uploads\/2024\/11\/La-Turbina-con-turbina-1-768x439.jpg 768w, https:\/\/cuentosdelaturbina.com\/wp-content\/uploads\/2024\/11\/La-Turbina-con-turbina-1-1536x878.jpg 1536w\" sizes=\"(max-width: 1792px) 100vw, 1792px\" \/>\t\t\t\t\t\t\t\t\t\t\t\t\t\t\t<\/div>\n\t\t\t\t<\/div>\n\t\t\t\t\t<\/div>\n\t\t\t\t<\/div>\n\t\t<div class=\"elementor-element elementor-element-b70aae2 e-flex e-con-boxed e-con e-parent\" data-id=\"b70aae2\" data-element_type=\"container\" data-e-type=\"container\">\n\t\t\t\t\t<div class=\"e-con-inner\">\n\t\t\t\t<div class=\"elementor-element elementor-element-57b83ab elementor-widget elementor-widget-heading\" data-id=\"57b83ab\" data-element_type=\"widget\" data-e-type=\"widget\" data-widget_type=\"heading.default\">\n\t\t\t\t<div class=\"elementor-widget-container\">\n\t\t\t\t\t<h2 class=\"elementor-heading-title elementor-size-default\">Sobre el autor<\/h2>\t\t\t\t<\/div>\n\t\t\t\t<\/div>\n\t\t\t\t<div class=\"elementor-element elementor-element-aa27fb7 elementor-widget elementor-widget-image\" data-id=\"aa27fb7\" data-element_type=\"widget\" data-e-type=\"widget\" data-widget_type=\"image.default\">\n\t\t\t\t<div class=\"elementor-widget-container\">\n\t\t\t\t\t\t\t\t\t\t\t\t\t\t\t<img loading=\"lazy\" decoding=\"async\" width=\"300\" height=\"284\" src=\"https:\/\/cuentosdelaturbina.com\/wp-content\/uploads\/2025\/05\/GGF_1697-2_2019-300x284.jpg\" class=\"elementor-animation-grow attachment-medium size-medium wp-image-5052\" alt=\"\" srcset=\"https:\/\/cuentosdelaturbina.com\/wp-content\/uploads\/2025\/05\/GGF_1697-2_2019-300x284.jpg 300w, https:\/\/cuentosdelaturbina.com\/wp-content\/uploads\/2025\/05\/GGF_1697-2_2019-1024x968.jpg 1024w, https:\/\/cuentosdelaturbina.com\/wp-content\/uploads\/2025\/05\/GGF_1697-2_2019-768x726.jpg 768w, https:\/\/cuentosdelaturbina.com\/wp-content\/uploads\/2025\/05\/GGF_1697-2_2019-1536x1452.jpg 1536w, https:\/\/cuentosdelaturbina.com\/wp-content\/uploads\/2025\/05\/GGF_1697-2_2019-2048x1936.jpg 2048w\" sizes=\"(max-width: 300px) 100vw, 300px\" \/>\t\t\t\t\t\t\t\t\t\t\t\t\t\t\t<\/div>\n\t\t\t\t<\/div>\n\t\t\t\t\t<\/div>\n\t\t\t\t<\/div>\n\t\t<div class=\"elementor-element elementor-element-da2f083 e-flex e-con-boxed e-con e-parent\" data-id=\"da2f083\" data-element_type=\"container\" data-e-type=\"container\">\n\t\t\t\t\t<div class=\"e-con-inner\">\n\t\t\t\t<div class=\"elementor-element elementor-element-1f96ea0 elementor-widget elementor-widget-text-editor\" data-id=\"1f96ea0\" data-element_type=\"widget\" data-e-type=\"widget\" data-widget_type=\"text-editor.default\">\n\t\t\t\t<div class=\"elementor-widget-container\">\n\t\t\t\t\t\t\t\t\t<h3>Alberto Barcel\u00f3 (29 de Octubre de 1954, Ciego de \u00c1vila, Cuba) es m\u00e9dico y se desempe\u00f1a como asesor acad\u00e9mico en la escuela de medicina Miller de la Universidad de Miami, donde tambi\u00e9n ostenta el t\u00edtulo de <a href=\"https:\/\/www.publichealth.med.miami.edu\/divisions\/epidemiology-and-population-health-sciences\/faculty\/voluntary-faculty\/index.html\" target=\"_blank\" rel=\"noopener\">profesor asociado voluntario<\/a>. \u00c9l inici\u00f3 recientemente una incursi\u00f3n en la literatura de ficci\u00f3n, equip\u00e1ndose con varios cursos, entre los cuales sobresale el de narrativa de la instituci\u00f3n <a href=\"https:\/\/fuentetajaliteraria.com\/nuestro-equipo\/miembro\/gloria-fernandez-rozas\/\" target=\"_blank\" rel=\"noopener\">Fuentetaja<\/a> en el barrio de las letras de Madrid, bajo la direcci\u00f3n de la escritora espa\u00f1ola <a href=\"https:\/\/fuentetajaliteraria.com\/nuestro-equipo\/miembro\/gloria-fernandez-rozas\/\" target=\"_blank\" rel=\"noopener\">Gloria Fern\u00e1ndez Rozas<\/a>. Actualmente participa en el Club Literario de la biblioteca de Miami Beach, guiado por el escritor colombiano <a href=\"https:\/\/zonacero.com\/sociales\/el-escritor-jaime-cabrera-presenta-su-libro-de-relatos-en-un-bosque-de-la-china\" target=\"_blank\" rel=\"noopener\">Jaime Cabrera Gonz\u00e1lez<\/a> . Cuentos de la Turbina es una colecci\u00f3n de cuentos que constituye la \u00f3pera prima del autor.<\/h3>\t\t\t\t\t\t\t\t<\/div>\n\t\t\t\t<\/div>\n\t\t\t\t\t<\/div>\n\t\t\t\t<\/div>\n\t\t<div class=\"elementor-element elementor-element-7f73666 e-flex e-con-boxed e-con e-parent\" data-id=\"7f73666\" data-element_type=\"container\" data-e-type=\"container\">\n\t\t\t\t\t<div class=\"e-con-inner\">\n\t\t\t\t<div class=\"elementor-element elementor-element-a4d2cca elementor-widget elementor-widget-facebook-button\" data-id=\"a4d2cca\" data-element_type=\"widget\" data-e-type=\"widget\" data-widget_type=\"facebook-button.default\">\n\t\t\t\t<div class=\"elementor-widget-container\">\n\t\t\t\t\t\t\t<div data-layout=\"standard\" data-colorscheme=\"light\" data-size=\"small\" data-show-faces=\"false\" class=\"elementor-facebook-widget fb-like\" data-href=\"https:\/\/cuentosdelaturbina.com\/en?p=3402\" data-share=\"false\" data-action=\"like\"><\/div>\n\t\t\t\t\t\t<\/div>\n\t\t\t\t<\/div>\n\t\t\t\t\t<\/div>\n\t\t\t\t<\/div>\n\t\t<div class=\"elementor-element elementor-element-8b2e9e6 e-flex e-con-boxed e-con e-parent\" data-id=\"8b2e9e6\" data-element_type=\"container\" data-e-type=\"container\">\n\t\t\t\t\t<div class=\"e-con-inner\">\n\t\t\t\t\t<\/div>\n\t\t\t\t<\/div>\n\t\t\t\t<\/div>\n\t\t<div class=\"pdfprnt-buttons pdfprnt-buttons-page pdfprnt-bottom-left\"><a href=\"javascript: imageToPdf()\" class=\"pdfprnt-button pdfprnt-button-pdf\" target=\"_self\"><\/a><a href=\"https:\/\/cuentosdelaturbina.com\/en\/wp-json\/wp\/v2\/pages\/3402?print=print\" class=\"pdfprnt-button pdfprnt-button-print\" target=\"_blank\"><img decoding=\"async\" src=\"https:\/\/cuentosdelaturbina.com\/wp-content\/plugins\/pdf-print\/images\/print.png\" alt=\"image_print\" title=\"Print Content\" \/><span class=\"pdfprnt-button-title pdfprnt-button-print-title\">Haz un pdf para impriir en tu idioma<\/span><\/a><\/div>","protected":false},"excerpt":{"rendered":"<p>Los Cuentos de la Turbina: Intoducci\u00f3n Estos cuentos te sumergen en una realidad dist\u00f3pica, ambientada en los parajes hist\u00f3ricos de Costamar, una ciudad ficticia enclavada en el coraz\u00f3n de una isla caribe\u00f1a imaginaria. El n\u00facleo de las historias se encuentra en una peculiar vecindad que se desarroll\u00f3 alrededor de un lago, conocido como La Turbina, [&hellip;]<\/p>\n","protected":false},"author":1,"featured_media":7211,"parent":0,"menu_order":0,"comment_status":"open","ping_status":"closed","template":"elementor_header_footer","meta":{"_crdt_document":"","footnotes":""},"class_list":["post-3402","page","type-page","status-publish","has-post-thumbnail","hentry"],"jetpack_sharing_enabled":true,"jetpack_shortlink":"https:\/\/wp.me\/PggQEa-SS","_links":{"self":[{"href":"https:\/\/cuentosdelaturbina.com\/en\/wp-json\/wp\/v2\/pages\/3402","targetHints":{"allow":["GET"]}}],"collection":[{"href":"https:\/\/cuentosdelaturbina.com\/en\/wp-json\/wp\/v2\/pages"}],"about":[{"href":"https:\/\/cuentosdelaturbina.com\/en\/wp-json\/wp\/v2\/types\/page"}],"author":[{"embeddable":true,"href":"https:\/\/cuentosdelaturbina.com\/en\/wp-json\/wp\/v2\/users\/1"}],"replies":[{"embeddable":true,"href":"https:\/\/cuentosdelaturbina.com\/en\/wp-json\/wp\/v2\/comments?post=3402"}],"version-history":[{"count":97,"href":"https:\/\/cuentosdelaturbina.com\/en\/wp-json\/wp\/v2\/pages\/3402\/revisions"}],"predecessor-version":[{"id":7248,"href":"https:\/\/cuentosdelaturbina.com\/en\/wp-json\/wp\/v2\/pages\/3402\/revisions\/7248"}],"wp:featuredmedia":[{"embeddable":true,"href":"https:\/\/cuentosdelaturbina.com\/en\/wp-json\/wp\/v2\/media\/7211"}],"wp:attachment":[{"href":"https:\/\/cuentosdelaturbina.com\/en\/wp-json\/wp\/v2\/media?parent=3402"}],"curies":[{"name":"wp","href":"https:\/\/api.w.org\/{rel}","templated":true}]}}